{"id":17075,"date":"2024-04-02T17:46:02","date_gmt":"2024-04-02T15:46:02","guid":{"rendered":"https:\/\/ridegoricko.com\/?page_id=17075"},"modified":"2025-04-08T20:25:57","modified_gmt":"2025-04-08T18:25:57","slug":"about","status":"publish","type":"page","link":"https:\/\/ridegoricko.com\/en\/about\/","title":{"rendered":"about"},"content":{"rendered":"<div data-elementor-type=\"wp-page\" data-elementor-id=\"17075\" class=\"elementor elementor-17075\" data-elementor-settings=\"{&quot;ha_cmc_init_switcher&quot;:&quot;no&quot;}\" data-elementor-post-type=\"page\">\n\t\t\t\t\t\t<section class=\"elementor-section elementor-top-section elementor-element elementor-element-3186e818 elementor-section-boxed elementor-section-height-default elementor-section-height-default\" data-id=\"3186e818\" data-element_type=\"section\" data-e-type=\"section\" data-settings=\"{&quot;_ha_eqh_enable&quot;:false}\">\n\t\t\t\t\t\t<div class=\"elementor-container elementor-column-gap-default\">\n\t\t\t\t\t<div class=\"elementor-column elementor-col-33 elementor-top-column elementor-element elementor-element-49b45a10\" data-id=\"49b45a10\" data-element_type=\"column\" data-e-type=\"column\" data-settings=\"{&quot;background_background&quot;:&quot;classic&quot;}\">\n\t\t\t<div class=\"elementor-widget-wrap\">\n\t\t\t\t\t<div class=\"elementor-background-overlay\"><\/div>\n\t\t\t\t\t\t\t<\/div>\n\t\t<\/div>\n\t\t\t\t<div class=\"elementor-column elementor-col-33 elementor-top-column elementor-element elementor-element-59250bdc\" data-id=\"59250bdc\" data-element_type=\"column\" data-e-type=\"column\">\n\t\t\t<div class=\"elementor-widget-wrap\">\n\t\t\t\t\t\t\t<\/div>\n\t\t<\/div>\n\t\t\t\t<div class=\"elementor-column elementor-col-33 elementor-top-column elementor-element elementor-element-442f68c8\" data-id=\"442f68c8\" data-element_type=\"column\" data-e-type=\"column\">\n\t\t\t<div class=\"elementor-widget-wrap elementor-element-populated\">\n\t\t\t\t\t\t<div class=\"elementor-element elementor-element-5b1a4500 ha-css-transform-yes elementor-widget elementor-widget-heading\" data-id=\"5b1a4500\" data-element_type=\"widget\" data-e-type=\"widget\" data-widget_type=\"heading.default\">\n\t\t\t\t<div class=\"elementor-widget-container\">\n\t\t\t\t\t<h2 class=\"elementor-heading-title elementor-size-default\">ride\ngori\u010dko<\/h2>\t\t\t\t<\/div>\n\t\t\t\t<\/div>\n\t\t\t\t<div class=\"elementor-element elementor-element-5c130bbc elementor-widget elementor-widget-heading\" data-id=\"5c130bbc\" data-element_type=\"widget\" data-e-type=\"widget\" data-widget_type=\"heading.default\">\n\t\t\t\t<div class=\"elementor-widget-container\">\n\t\t\t\t\t<h2 class=\"elementor-heading-title elementor-size-default\">ekipa<\/h2>\t\t\t\t<\/div>\n\t\t\t\t<\/div>\n\t\t\t\t<div class=\"elementor-element elementor-element-5a0cfdb elementor-widget-divider--separator-type-pattern elementor-widget-divider--view-line elementor-widget elementor-widget-divider\" data-id=\"5a0cfdb\" data-element_type=\"widget\" data-e-type=\"widget\" data-widget_type=\"divider.default\">\n\t\t\t\t<div class=\"elementor-widget-container\">\n\t\t\t\t\t\t\t<div class=\"elementor-divider\" style=\"--divider-pattern-url: url(&quot;data:image\/svg+xml,%3Csvg xmlns=&#039;http:\/\/www.w3.org\/2000\/svg&#039; preserveAspectRatio=&#039;none&#039; overflow=&#039;visible&#039; height=&#039;100%&#039; viewBox=&#039;0 0 24 24&#039; fill=&#039;none&#039; stroke=&#039;black&#039; stroke-width=&#039;5&#039; stroke-linecap=&#039;square&#039; stroke-miterlimit=&#039;10&#039;%3E%3Cpolyline points=&#039;0,18 12,6 24,18 &#039;\/%3E%3C\/svg%3E&quot;);\">\n\t\t\t<span class=\"elementor-divider-separator\">\n\t\t\t\t\t\t<\/span>\n\t\t<\/div>\n\t\t\t\t\t\t<\/div>\n\t\t\t\t<\/div>\n\t\t\t\t<div class=\"elementor-element elementor-element-391b2bda elementor-widget elementor-widget-text-editor\" data-id=\"391b2bda\" data-element_type=\"widget\" data-e-type=\"widget\" data-widget_type=\"text-editor.default\">\n\t\t\t\t<div class=\"elementor-widget-container\">\n\t\t\t\t\t\t\t\t\t<p>V Prekmurju vas pri\u010dakujemo izku\u0161eni vodniki, ki smo hkrati lokalni posamezniki in poznavalci obmo\u010dja. Smo ljubitelji doma\u010de kulinarike in narave ter pode\u017eelja, smo pravi navdu\u0161enci nad svojo regijo. Z eno besedo, gre za skupino ljudi, ki s svojo strastjo in znanjem obogatijo va\u0161 obisk Prekmurja, zaradi \u010desar je izku\u0161nja nekaj posebnega.<\/p>\t\t\t\t\t\t\t\t<\/div>\n\t\t\t\t<\/div>\n\t\t\t\t\t<\/div>\n\t\t<\/div>\n\t\t\t\t\t<\/div>\n\t\t<\/section>\n\t\t\t\t<section class=\"elementor-section elementor-top-section elementor-element elementor-element-682c9962 elementor-section-boxed elementor-section-height-default elementor-section-height-default\" data-id=\"682c9962\" data-element_type=\"section\" data-e-type=\"section\" data-settings=\"{&quot;background_background&quot;:&quot;classic&quot;,&quot;_ha_eqh_enable&quot;:false}\">\n\t\t\t\t\t\t<div class=\"elementor-container elementor-column-gap-default\">\n\t\t\t\t\t<div class=\"elementor-column elementor-col-100 elementor-top-column elementor-element elementor-element-2cb87c60\" data-id=\"2cb87c60\" data-element_type=\"column\" data-e-type=\"column\">\n\t\t\t<div class=\"elementor-widget-wrap elementor-element-populated\">\n\t\t\t\t\t\t<section class=\"elementor-section elementor-inner-section elementor-element elementor-element-1216c721 elementor-section-boxed elementor-section-height-default elementor-section-height-default\" data-id=\"1216c721\" data-element_type=\"section\" data-e-type=\"section\" data-settings=\"{&quot;background_background&quot;:&quot;classic&quot;,&quot;_ha_eqh_enable&quot;:false}\">\n\t\t\t\t\t\t<div class=\"elementor-container elementor-column-gap-wide\">\n\t\t\t\t\t<div class=\"elementor-column elementor-col-33 elementor-inner-column elementor-element elementor-element-5de2725f\" data-id=\"5de2725f\" data-element_type=\"column\" data-e-type=\"column\">\n\t\t\t<div class=\"elementor-widget-wrap elementor-element-populated\">\n\t\t\t\t\t\t<div class=\"elementor-element elementor-element-5885eee9 elementor-widget elementor-widget-ha-member happy-addon ha-member\" data-id=\"5885eee9\" data-element_type=\"widget\" data-e-type=\"widget\" data-widget_type=\"ha-member.default\">\n\t\t\t\t<div class=\"elementor-widget-container\">\n\t\t\t\t\t\n\t\t\t\t\t<figure class=\"ha-member-figure\">\n\t\t\t\t<img fetchpriority=\"high\" decoding=\"async\" width=\"2560\" height=\"2560\" src=\"https:\/\/i0.wp.com\/ridegoricko.com\/wp\/wp-content\/uploads\/2024\/04\/osebna-1-scaled.webp?fit=2560%2C2560&amp;ssl=1\" class=\"elementor-animation-disable-animation attachment-full size-full wp-image-17101\" alt=\"\" srcset=\"https:\/\/i0.wp.com\/ridegoricko.com\/wp\/wp-content\/uploads\/2024\/04\/osebna-1-scaled.webp?w=2560&amp;ssl=1 2560w, https:\/\/i0.wp.com\/ridegoricko.com\/wp\/wp-content\/uploads\/2024\/04\/osebna-1-scaled.webp?resize=300%2C300&amp;ssl=1 300w, https:\/\/i0.wp.com\/ridegoricko.com\/wp\/wp-content\/uploads\/2024\/04\/osebna-1-scaled.webp?resize=1024%2C1024&amp;ssl=1 1024w, https:\/\/i0.wp.com\/ridegoricko.com\/wp\/wp-content\/uploads\/2024\/04\/osebna-1-scaled.webp?resize=150%2C150&amp;ssl=1 150w, https:\/\/i0.wp.com\/ridegoricko.com\/wp\/wp-content\/uploads\/2024\/04\/osebna-1-scaled.webp?resize=768%2C768&amp;ssl=1 768w, https:\/\/i0.wp.com\/ridegoricko.com\/wp\/wp-content\/uploads\/2024\/04\/osebna-1-scaled.webp?resize=1536%2C1536&amp;ssl=1 1536w, https:\/\/i0.wp.com\/ridegoricko.com\/wp\/wp-content\/uploads\/2024\/04\/osebna-1-scaled.webp?resize=2048%2C2048&amp;ssl=1 2048w, https:\/\/i0.wp.com\/ridegoricko.com\/wp\/wp-content\/uploads\/2024\/04\/osebna-1-scaled.webp?resize=12%2C12&amp;ssl=1 12w, https:\/\/i0.wp.com\/ridegoricko.com\/wp\/wp-content\/uploads\/2024\/04\/osebna-1-scaled.webp?w=1600&amp;ssl=1 1600w, https:\/\/i0.wp.com\/ridegoricko.com\/wp\/wp-content\/uploads\/2024\/04\/osebna-1-scaled.webp?w=2400&amp;ssl=1 2400w\" sizes=\"(max-width: 800px) 100vw, 800px\" \/>\t\t\t<\/figure>\n\t\t\n\t\t<div class=\"ha-member-body\">\n\t\t\t<h6 class=\"ha-member-name\">Peter<\/h6>\n\t\t\t\n\t\t\t\n\t\t\t\n\t\t\t\t\t\t\t<div class=\"ha-member-links\">\n\t\t\t\t\t<a target=\"_blank\" rel=\"noopener\" href=\"https:\/\/www.linkedin.com\/in\/peter-gomboc\/\" class=\"elementor-repeater-item-87f4f75\"><i class=\"fa fa-linkedin fab\" aria-hidden=\"true\"><\/i><\/a><a target=\"_blank\" rel=\"noopener\" href=\"https:\/\/www.instagram.com\/petergomboc\/\" class=\"elementor-repeater-item-5e49c1d\"><i class=\"fa fa-instagram fab\" aria-hidden=\"true\"><\/i><\/a>\t\t\t\t<\/div>\n\t\t\t\n\t\t\t\t\t<\/div>\n\t\t\t\t\t\t<\/div>\n\t\t\t\t<\/div>\n\t\t\t\t\t<\/div>\n\t\t<\/div>\n\t\t\t\t<div class=\"elementor-column elementor-col-33 elementor-inner-column elementor-element elementor-element-6d202903\" data-id=\"6d202903\" data-element_type=\"column\" data-e-type=\"column\">\n\t\t\t<div class=\"elementor-widget-wrap elementor-element-populated\">\n\t\t\t\t\t\t<div class=\"elementor-element elementor-element-b250afa elementor-widget elementor-widget-ha-member happy-addon ha-member\" data-id=\"b250afa\" data-element_type=\"widget\" data-e-type=\"widget\" data-widget_type=\"ha-member.default\">\n\t\t\t\t<div class=\"elementor-widget-container\">\n\t\t\t\t\t\n\t\t\t\t\t<figure class=\"ha-member-figure\">\n\t\t\t\t<img decoding=\"async\" width=\"2560\" height=\"2560\" src=\"https:\/\/i0.wp.com\/ridegoricko.com\/wp\/wp-content\/uploads\/2024\/04\/osebna-2-scaled.webp?fit=2560%2C2560&amp;ssl=1\" class=\"elementor-animation-disable-animation attachment-full size-full wp-image-17102\" alt=\"\" srcset=\"https:\/\/i0.wp.com\/ridegoricko.com\/wp\/wp-content\/uploads\/2024\/04\/osebna-2-scaled.webp?w=2560&amp;ssl=1 2560w, https:\/\/i0.wp.com\/ridegoricko.com\/wp\/wp-content\/uploads\/2024\/04\/osebna-2-scaled.webp?resize=300%2C300&amp;ssl=1 300w, https:\/\/i0.wp.com\/ridegoricko.com\/wp\/wp-content\/uploads\/2024\/04\/osebna-2-scaled.webp?resize=1024%2C1024&amp;ssl=1 1024w, https:\/\/i0.wp.com\/ridegoricko.com\/wp\/wp-content\/uploads\/2024\/04\/osebna-2-scaled.webp?resize=150%2C150&amp;ssl=1 150w, https:\/\/i0.wp.com\/ridegoricko.com\/wp\/wp-content\/uploads\/2024\/04\/osebna-2-scaled.webp?resize=768%2C768&amp;ssl=1 768w, https:\/\/i0.wp.com\/ridegoricko.com\/wp\/wp-content\/uploads\/2024\/04\/osebna-2-scaled.webp?resize=1536%2C1536&amp;ssl=1 1536w, https:\/\/i0.wp.com\/ridegoricko.com\/wp\/wp-content\/uploads\/2024\/04\/osebna-2-scaled.webp?resize=2048%2C2048&amp;ssl=1 2048w, https:\/\/i0.wp.com\/ridegoricko.com\/wp\/wp-content\/uploads\/2024\/04\/osebna-2-scaled.webp?resize=12%2C12&amp;ssl=1 12w, https:\/\/i0.wp.com\/ridegoricko.com\/wp\/wp-content\/uploads\/2024\/04\/osebna-2-scaled.webp?w=1600&amp;ssl=1 1600w, https:\/\/i0.wp.com\/ridegoricko.com\/wp\/wp-content\/uploads\/2024\/04\/osebna-2-scaled.webp?w=2400&amp;ssl=1 2400w\" sizes=\"(max-width: 800px) 100vw, 800px\" \/>\t\t\t<\/figure>\n\t\t\n\t\t<div class=\"ha-member-body\">\n\t\t\t<h6 class=\"ha-member-name\">Jure<\/h6>\n\t\t\t\n\t\t\t\n\t\t\t\n\t\t\t\t\t\t\t<div class=\"ha-member-links\">\n\t\t\t\t\t<a target=\"_blank\" rel=\"noopener\" href=\"http:\/\/www.linkedin.com\/in\/jure-kljaji\u0107-986b472aa\" class=\"elementor-repeater-item-87f4f75\"><i class=\"fa fa-linkedin fab\" aria-hidden=\"true\"><\/i><\/a><a target=\"_blank\" rel=\"noopener\" href=\"https:\/\/www.instagram.com\/jure.kljajic\/\" class=\"elementor-repeater-item-5e49c1d\"><i class=\"fa fa-instagram fab\" aria-hidden=\"true\"><\/i><\/a>\t\t\t\t<\/div>\n\t\t\t\n\t\t\t\t\t<\/div>\n\t\t\t\t\t\t<\/div>\n\t\t\t\t<\/div>\n\t\t\t\t\t<\/div>\n\t\t<\/div>\n\t\t\t\t<div class=\"elementor-column elementor-col-33 elementor-inner-column elementor-element elementor-element-d842b3\" data-id=\"d842b3\" data-element_type=\"column\" data-e-type=\"column\">\n\t\t\t<div class=\"elementor-widget-wrap elementor-element-populated\">\n\t\t\t\t\t\t<div class=\"elementor-element elementor-element-10a0fb0 elementor-widget elementor-widget-ha-member happy-addon ha-member\" data-id=\"10a0fb0\" data-element_type=\"widget\" data-e-type=\"widget\" data-widget_type=\"ha-member.default\">\n\t\t\t\t<div class=\"elementor-widget-container\">\n\t\t\t\t\t\n\t\t\t\t\t<figure class=\"ha-member-figure\">\n\t\t\t\t<img decoding=\"async\" width=\"2560\" height=\"2560\" src=\"https:\/\/i0.wp.com\/ridegoricko.com\/wp\/wp-content\/uploads\/2024\/04\/osebna-3-scaled.webp?fit=2560%2C2560&amp;ssl=1\" class=\"elementor-animation-disable-animation attachment-full size-full wp-image-17103\" alt=\"\" srcset=\"https:\/\/i0.wp.com\/ridegoricko.com\/wp\/wp-content\/uploads\/2024\/04\/osebna-3-scaled.webp?w=2560&amp;ssl=1 2560w, https:\/\/i0.wp.com\/ridegoricko.com\/wp\/wp-content\/uploads\/2024\/04\/osebna-3-scaled.webp?resize=300%2C300&amp;ssl=1 300w, https:\/\/i0.wp.com\/ridegoricko.com\/wp\/wp-content\/uploads\/2024\/04\/osebna-3-scaled.webp?resize=1024%2C1024&amp;ssl=1 1024w, https:\/\/i0.wp.com\/ridegoricko.com\/wp\/wp-content\/uploads\/2024\/04\/osebna-3-scaled.webp?resize=150%2C150&amp;ssl=1 150w, https:\/\/i0.wp.com\/ridegoricko.com\/wp\/wp-content\/uploads\/2024\/04\/osebna-3-scaled.webp?resize=768%2C768&amp;ssl=1 768w, https:\/\/i0.wp.com\/ridegoricko.com\/wp\/wp-content\/uploads\/2024\/04\/osebna-3-scaled.webp?resize=1536%2C1536&amp;ssl=1 1536w, https:\/\/i0.wp.com\/ridegoricko.com\/wp\/wp-content\/uploads\/2024\/04\/osebna-3-scaled.webp?resize=2048%2C2048&amp;ssl=1 2048w, https:\/\/i0.wp.com\/ridegoricko.com\/wp\/wp-content\/uploads\/2024\/04\/osebna-3-scaled.webp?resize=12%2C12&amp;ssl=1 12w, https:\/\/i0.wp.com\/ridegoricko.com\/wp\/wp-content\/uploads\/2024\/04\/osebna-3-scaled.webp?w=1600&amp;ssl=1 1600w, https:\/\/i0.wp.com\/ridegoricko.com\/wp\/wp-content\/uploads\/2024\/04\/osebna-3-scaled.webp?w=2400&amp;ssl=1 2400w\" sizes=\"(max-width: 800px) 100vw, 800px\" \/>\t\t\t<\/figure>\n\t\t\n\t\t<div class=\"ha-member-body\">\n\t\t\t<h6 class=\"ha-member-name\">Larisa<\/h6>\n\t\t\t\n\t\t\t\n\t\t\t\n\t\t\t\t\t\t\t<div class=\"ha-member-links\">\n\t\t\t\t\t<a target=\"_blank\" rel=\"noopener\" href=\"https:\/\/www.linkedin.com\/in\/larisa-%C4%8Derpnjak-062a96175\/\" class=\"elementor-repeater-item-87f4f75\"><i class=\"fa fa-linkedin fab\" aria-hidden=\"true\"><\/i><\/a><a target=\"_blank\" rel=\"noopener\" href=\"https:\/\/www.instagram.com\/larrrrisaa\/\" class=\"elementor-repeater-item-5e49c1d\"><i class=\"fa fa-instagram fab\" aria-hidden=\"true\"><\/i><\/a>\t\t\t\t<\/div>\n\t\t\t\n\t\t\t\t\t<\/div>\n\t\t\t\t\t\t<\/div>\n\t\t\t\t<\/div>\n\t\t\t\t\t<\/div>\n\t\t<\/div>\n\t\t\t\t\t<\/div>\n\t\t<\/section>\n\t\t\t\t\t<\/div>\n\t\t<\/div>\n\t\t\t\t\t<\/div>\n\t\t<\/section>\n\t\t\t\t<section class=\"elementor-section elementor-top-section elementor-element elementor-element-931a03d elementor-section-boxed elementor-section-height-default elementor-section-height-default\" data-id=\"931a03d\" data-element_type=\"section\" data-e-type=\"section\" data-settings=\"{&quot;_ha_eqh_enable&quot;:false}\">\n\t\t\t\t\t\t<div class=\"elementor-container elementor-column-gap-default\">\n\t\t\t\t\t<div class=\"elementor-column elementor-col-100 elementor-top-column elementor-element elementor-element-b92b604\" data-id=\"b92b604\" data-element_type=\"column\" data-e-type=\"column\">\n\t\t\t<div class=\"elementor-widget-wrap elementor-element-populated\">\n\t\t\t\t\t\t<div class=\"elementor-element elementor-element-abe9281 elementor-widget elementor-widget-image\" data-id=\"abe9281\" data-element_type=\"widget\" data-e-type=\"widget\" data-widget_type=\"image.default\">\n\t\t\t\t<div class=\"elementor-widget-container\">\n\t\t\t\t\t\t\t\t\t\t\t\t\t\t\t<img loading=\"lazy\" decoding=\"async\" width=\"800\" height=\"517\" src=\"https:\/\/i0.wp.com\/ridegoricko.com\/wp\/wp-content\/uploads\/2022\/04\/slovenia-prekmurje-map-travel-trip.png?fit=800%2C517&amp;ssl=1\" class=\"attachment-large size-large wp-image-15539\" alt=\"slovenia-prekmurje-pomurje-cycling\" srcset=\"https:\/\/i0.wp.com\/ridegoricko.com\/wp\/wp-content\/uploads\/2022\/04\/slovenia-prekmurje-map-travel-trip.png?w=1500&amp;ssl=1 1500w, https:\/\/i0.wp.com\/ridegoricko.com\/wp\/wp-content\/uploads\/2022\/04\/slovenia-prekmurje-map-travel-trip.png?resize=300%2C194&amp;ssl=1 300w, https:\/\/i0.wp.com\/ridegoricko.com\/wp\/wp-content\/uploads\/2022\/04\/slovenia-prekmurje-map-travel-trip.png?resize=1024%2C662&amp;ssl=1 1024w, https:\/\/i0.wp.com\/ridegoricko.com\/wp\/wp-content\/uploads\/2022\/04\/slovenia-prekmurje-map-travel-trip.png?resize=768%2C497&amp;ssl=1 768w, https:\/\/i0.wp.com\/ridegoricko.com\/wp\/wp-content\/uploads\/2022\/04\/slovenia-prekmurje-map-travel-trip.png?resize=18%2C12&amp;ssl=1 18w\" sizes=\"(max-width: 800px) 100vw, 800px\" \/>\t\t\t\t\t\t\t\t\t\t\t\t\t\t\t<\/div>\n\t\t\t\t<\/div>\n\t\t\t\t<div class=\"elementor-element elementor-element-396bf06 elementor-widget elementor-widget-heading\" data-id=\"396bf06\" data-element_type=\"widget\" data-e-type=\"widget\" data-widget_type=\"heading.default\">\n\t\t\t\t<div class=\"elementor-widget-container\">\n\t\t\t\t\t<h2 class=\"elementor-heading-title elementor-size-default\">PREKMURJE - RAJ ZA KOLESARJE<\/h2>\t\t\t\t<\/div>\n\t\t\t\t<\/div>\n\t\t\t\t\t<\/div>\n\t\t<\/div>\n\t\t\t\t\t<\/div>\n\t\t<\/section>\n\t\t\t\t<\/div>","protected":false},"excerpt":{"rendered":"<p>ride gori\u010dko ekipa V Prekmurju vas pri\u010dakujemo izku\u0161eni vodniki, ki&hellip;<\/p>\n<p> <a class=\"more-link\" href=\"https:\/\/ridegoricko.com\/en\/about\/\">Read more<\/a><\/p>","protected":false},"author":1,"featured_media":0,"parent":0,"menu_order":0,"comment_status":"closed","ping_status":"closed","template":"","meta":{"footnotes":""},"class_list":["post-17075","page","type-page","status-publish"],"_links":{"self":[{"href":"https:\/\/ridegoricko.com\/en\/wp-json\/wp\/v2\/pages\/17075","targetHints":{"allow":["GET"]}}],"collection":[{"href":"https:\/\/ridegoricko.com\/en\/wp-json\/wp\/v2\/pages"}],"about":[{"href":"https:\/\/ridegoricko.com\/en\/wp-json\/wp\/v2\/types\/page"}],"author":[{"embeddable":true,"href":"https:\/\/ridegoricko.com\/en\/wp-json\/wp\/v2\/users\/1"}],"replies":[{"embeddable":true,"href":"https:\/\/ridegoricko.com\/en\/wp-json\/wp\/v2\/comments?post=17075"}],"version-history":[{"count":13,"href":"https:\/\/ridegoricko.com\/en\/wp-json\/wp\/v2\/pages\/17075\/revisions"}],"predecessor-version":[{"id":17254,"href":"https:\/\/ridegoricko.com\/en\/wp-json\/wp\/v2\/pages\/17075\/revisions\/17254"}],"wp:attachment":[{"href":"https:\/\/ridegoricko.com\/en\/wp-json\/wp\/v2\/media?parent=17075"}],"curies":[{"name":"wp","href":"https:\/\/api.w.org\/{rel}","templated":true}]}}