{"id":14936,"date":"2022-02-20T18:24:35","date_gmt":"2022-02-20T16:24:35","guid":{"rendered":"https:\/\/ridegoricko.com\/?page_id=14936"},"modified":"2022-02-20T18:54:46","modified_gmt":"2022-02-20T16:54:46","slug":"razvoj-kolesarstva-na-gorickem","status":"publish","type":"page","link":"https:\/\/ridegoricko.com\/en\/razvoj-kolesarstva-na-gorickem\/","title":{"rendered":"Razvoj kolesarstva na Gori\u010dkem"},"content":{"rendered":"<div data-elementor-type=\"wp-page\" data-elementor-id=\"14936\" class=\"elementor elementor-14936\" data-elementor-settings=\"{&quot;ha_cmc_init_switcher&quot;:&quot;no&quot;}\" data-elementor-post-type=\"page\">\n\t\t\t\t\t\t<section class=\"elementor-section elementor-top-section elementor-element elementor-element-5d5813e3 elementor-section-content-middle elementor-section-boxed elementor-section-height-default elementor-section-height-default\" data-id=\"5d5813e3\" data-element_type=\"section\" data-e-type=\"section\" data-settings=\"{&quot;_ha_eqh_enable&quot;:false}\">\n\t\t\t\t\t\t<div class=\"elementor-container elementor-column-gap-no\">\n\t\t\t\t\t<div class=\"elementor-column elementor-col-100 elementor-top-column elementor-element elementor-element-2fecc2f7\" data-id=\"2fecc2f7\" data-element_type=\"column\" data-e-type=\"column\">\n\t\t\t<div class=\"elementor-widget-wrap elementor-element-populated\">\n\t\t\t\t\t\t<div class=\"elementor-element elementor-element-c41155a elementor-widget elementor-widget-spacer\" data-id=\"c41155a\" data-element_type=\"widget\" data-e-type=\"widget\" data-widget_type=\"spacer.default\">\n\t\t\t\t<div class=\"elementor-widget-container\">\n\t\t\t\t\t\t\t<div class=\"elementor-spacer\">\n\t\t\t<div class=\"elementor-spacer-inner\"><\/div>\n\t\t<\/div>\n\t\t\t\t\t\t<\/div>\n\t\t\t\t<\/div>\n\t\t\t\t<div class=\"elementor-element elementor-element-45ff7e66 elementor-widget elementor-widget-heading\" data-id=\"45ff7e66\" data-element_type=\"widget\" data-e-type=\"widget\" data-widget_type=\"heading.default\">\n\t\t\t\t<div class=\"elementor-widget-container\">\n\t\t\t\t\t<h4 class=\"elementor-heading-title elementor-size-default\">RIDE Gori\u010dko - Razvoj kolesarstva na Gori\u010dkem <\/h4>\t\t\t\t<\/div>\n\t\t\t\t<\/div>\n\t\t\t\t<section class=\"elementor-section elementor-inner-section elementor-element elementor-element-1db104be elementor-section-content-middle elementor-section-boxed elementor-section-height-default elementor-section-height-default\" data-id=\"1db104be\" data-element_type=\"section\" data-e-type=\"section\" data-settings=\"{&quot;_ha_eqh_enable&quot;:false}\">\n\t\t\t\t\t\t<div class=\"elementor-container elementor-column-gap-no\">\n\t\t\t\t\t<div class=\"elementor-column elementor-col-100 elementor-inner-column elementor-element elementor-element-6eadafb3\" data-id=\"6eadafb3\" data-element_type=\"column\" data-e-type=\"column\">\n\t\t\t<div class=\"elementor-widget-wrap elementor-element-populated\">\n\t\t\t\t\t\t<div class=\"elementor-element elementor-element-e25d0ae elementor-widget elementor-widget-text-editor\" data-id=\"e25d0ae\" data-element_type=\"widget\" data-e-type=\"widget\" data-widget_type=\"text-editor.default\">\n\t\t\t\t<div class=\"elementor-widget-container\">\n\t\t\t\t\t\t\t\t\t<p>Namen projekta je razvoj obmo\u010dja LAS Gori\u010dko, kot kolesarske destinacije, za razli\u010dne ciljne skupine kolesarjev, in sicer tako za kolesarje kot turiste, ki jim kolesarjenje predstavlja primarni motiv za obisk dolo\u010dene destinacije, kot tudi za obiskovalce, katerim kolesarjenje predstavlja sekundarni motiv za obisk destinacije, v destinacijo pa jih prvenstveno pritegnejo druge aktivnosti.<\/p>\t\t\t\t\t\t\t\t<\/div>\n\t\t\t\t<\/div>\n\t\t\t\t<div class=\"elementor-element elementor-element-562280f elementor-widget elementor-widget-image\" data-id=\"562280f\" data-element_type=\"widget\" data-e-type=\"widget\" data-widget_type=\"image.default\">\n\t\t\t\t<div class=\"elementor-widget-container\">\n\t\t\t\t\t\t\t\t\t\t\t\t\t\t\t<img fetchpriority=\"high\" decoding=\"async\" width=\"800\" height=\"198\" src=\"https:\/\/i0.wp.com\/ridegoricko.com\/wp\/wp-content\/uploads\/2022\/02\/PRP-LEADER-EU-SLO-barvni-scaled-1.jpg?fit=800%2C198&amp;ssl=1\" class=\"attachment-large size-large wp-image-14939\" alt=\"\" srcset=\"https:\/\/i0.wp.com\/ridegoricko.com\/wp\/wp-content\/uploads\/2022\/02\/PRP-LEADER-EU-SLO-barvni-scaled-1.jpg?w=2560&amp;ssl=1 2560w, https:\/\/i0.wp.com\/ridegoricko.com\/wp\/wp-content\/uploads\/2022\/02\/PRP-LEADER-EU-SLO-barvni-scaled-1.jpg?resize=300%2C74&amp;ssl=1 300w, https:\/\/i0.wp.com\/ridegoricko.com\/wp\/wp-content\/uploads\/2022\/02\/PRP-LEADER-EU-SLO-barvni-scaled-1.jpg?resize=1024%2C253&amp;ssl=1 1024w, https:\/\/i0.wp.com\/ridegoricko.com\/wp\/wp-content\/uploads\/2022\/02\/PRP-LEADER-EU-SLO-barvni-scaled-1.jpg?resize=768%2C190&amp;ssl=1 768w, https:\/\/i0.wp.com\/ridegoricko.com\/wp\/wp-content\/uploads\/2022\/02\/PRP-LEADER-EU-SLO-barvni-scaled-1.jpg?resize=1536%2C380&amp;ssl=1 1536w, https:\/\/i0.wp.com\/ridegoricko.com\/wp\/wp-content\/uploads\/2022\/02\/PRP-LEADER-EU-SLO-barvni-scaled-1.jpg?resize=2048%2C506&amp;ssl=1 2048w, https:\/\/i0.wp.com\/ridegoricko.com\/wp\/wp-content\/uploads\/2022\/02\/PRP-LEADER-EU-SLO-barvni-scaled-1.jpg?resize=18%2C4&amp;ssl=1 18w, https:\/\/i0.wp.com\/ridegoricko.com\/wp\/wp-content\/uploads\/2022\/02\/PRP-LEADER-EU-SLO-barvni-scaled-1.jpg?w=1600&amp;ssl=1 1600w, https:\/\/i0.wp.com\/ridegoricko.com\/wp\/wp-content\/uploads\/2022\/02\/PRP-LEADER-EU-SLO-barvni-scaled-1.jpg?w=2400&amp;ssl=1 2400w\" sizes=\"(max-width: 800px) 100vw, 800px\" \/>\t\t\t\t\t\t\t\t\t\t\t\t\t\t\t<\/div>\n\t\t\t\t<\/div>\n\t\t\t\t<div class=\"elementor-element elementor-element-58ffd8b elementor-widget elementor-widget-text-editor\" data-id=\"58ffd8b\" data-element_type=\"widget\" data-e-type=\"widget\" data-widget_type=\"text-editor.default\">\n\t\t\t\t<div class=\"elementor-widget-container\">\n\t\t\t\t\t\t\t\t\t<p><strong>Naziv:<\/strong> Razvoj kolesarstva na Gori\u010dkem<\/p><p><strong>Akronim:<\/strong> RIDE Gori\u010dko<\/p><p><strong>Trajanje:<\/strong> september 2021 \u2013 september 2023<\/p><p><strong>Skupna vrednost projekta:<\/strong> 180.256,45 EUR<\/p><p><br \/>Projekt je sofinanciran s strani Evropskega kmetijskega sklada za razvoj pode\u017eelja v vi\u0161ini 146.214,84 EUR<br \/>Glavni cilj projekta je razvoj kolesarskega turizma na obmo\u010dju LAS Gori\u010dko. \u0160tevilo turistov kolesarjev se iz leta v leto pove\u010duje, vendar trenutna ponudba ne zadovoljuje njihovih potreb oziroma potenciali za razvoj kolesarskega turizma \u0161e niso izkori\u0161\u010deni, saj \u0161e vedno primanjkuje podporne infrastrukture, opreme, vsebin, produktov in storitev. Projekt RIDE Gori\u010dko prepoznava in nadgrajuje potenciale na tem podro\u010dju in preko razvoja podporne infrastrukture, opreme, vzpostavitve kolesarjem namenjene IKT tehnologije ter dodajanjem novih vsebin spodbuja razvoj kolesarskega turizma, kot obliko trajnostne mobilnosti in poslovnih prilo\u017enosti na obmo\u010dju LAS Gori\u010dko.<\/p>\t\t\t\t\t\t\t\t<\/div>\n\t\t\t\t<\/div>\n\t\t\t\t<div class=\"elementor-element elementor-element-7d013a4 elementor-widget elementor-widget-text-editor\" data-id=\"7d013a4\" data-element_type=\"widget\" data-e-type=\"widget\" data-widget_type=\"text-editor.default\">\n\t\t\t\t<div class=\"elementor-widget-container\">\n\t\t\t\t\t\t\t\t\t<p><strong>Cilji:<\/strong><\/p><ul><li>Izvedba analize kolesarske turisti\u010dne ponudbe s ciljem priprave prve celovite baze podatkov o kolesarski turisti\u010dni infrastrukturi, ponudbi storitev namenjenih kolesarjem in promocijskih gradiv in aktivnosti ter izvedba analize navad (kolesarskih) obiskovalcev na obmo\u010dju LAS Gori\u010dko<\/li><li>Izbolj\u0161ati turisti\u010dno privla\u010dnost obmo\u010dja LAS Gori\u010dko s pove\u010danjem \u0161tevila kolesarskih produktov za razvoj kolesarskega turizma na obmo\u010dju LAS Gori\u010dko<\/li><li>Izbolj\u0161ati turisti\u010dno privla\u010dnost obmo\u010dja LAS Gori\u010dko s pove\u010danjem \u0161tevila kolesarskih storitev za razvoj kolesarskega turizma na obmo\u010dju LAS Gori\u010dko oziroma izbolj\u0161anje opremljenosti obmo\u010dja s kolesarsko opremo oz. kolesarskimi vsebinami<\/li><li>Ekonomska samostojnost ponudnikov storitev turisti\u010dnega kolesarjenja<\/li><li>Ozave\u0161\u010danje in spodbujanje lokalnega prebivalstva k uporabi koles in posledi\u010dno k zmanj\u0161evanju izpusta emisij v ozra\u010dje ter ozave\u0161\u010danje javnosti o pomenu trajnostne mobilnosti<\/li><li>Pove\u010dati prepoznavnost obmo\u010dja LAS Gori\u010dko kot turisti\u010dne destinacije za kolesarje<\/li><\/ul>\t\t\t\t\t\t\t\t<\/div>\n\t\t\t\t<\/div>\n\t\t\t\t<div class=\"elementor-element elementor-element-c473085 elementor-widget elementor-widget-text-editor\" data-id=\"c473085\" data-element_type=\"widget\" data-e-type=\"widget\" data-widget_type=\"text-editor.default\">\n\t\t\t\t<div class=\"elementor-widget-container\">\n\t\t\t\t\t\t\t\t\t<p><strong>Rezultati:<\/strong><\/p><ul><li>Novi kolesarski turisti\u010dni produkti na obmo\u010dju LAS Gori\u010dko (dva nova turisti\u010dna produkta, CGP, spletni portal za rezervacijo terminov, mobilna aplikacija za vodenje turistov)<\/li><li>Nove storitve za kolesarske turiste na obmo\u010dju LAS Gori\u010dko (kolesa za izposojo ter premi\u010dna oprema za servis koles)<\/li><li>Izdelava predstavitvenih filmov kolesarskih tras na obmo\u010dju LAS Gori\u010dko<\/li><li>Izvedba izobra\u017eevalnih oddaj na temo vpliva kolesarjenja na zdravje ljudi in delavnice za mlade<\/li><\/ul><p><strong>Podjetje Ride Gori\u010dko, Peter Gomboc s.p. v projektu sodeluje kot partner:<\/strong><\/p><ul><li>Nakup elektri\u010dnih koles<\/li><\/ul>\t\t\t\t\t\t\t\t<\/div>\n\t\t\t\t<\/div>\n\t\t\t\t<div class=\"elementor-element elementor-element-2c34a52 elementor-widget elementor-widget-text-editor\" data-id=\"2c34a52\" data-element_type=\"widget\" data-e-type=\"widget\" data-widget_type=\"text-editor.default\">\n\t\t\t\t<div class=\"elementor-widget-container\">\n\t\t\t\t\t\t\t\t\t<p><strong>Spletna stran Evropske komisije<\/strong>: <a href=\"https:\/\/ec.europa.eu\/info\/food-farming-fisheries\/key-policies\/common-agricultural-policy\/rural-development\">https:\/\/ec.europa.eu\/info\/food-farming-fisheries\/key-policies\/common-agricultural-policy\/rural-development<\/a><\/p><p><strong>Spletna stran Programa razvoja pode\u017eelja:<\/strong>\u00a0<a href=\"https:\/\/www.program-podezelja.si\/\">https:\/\/www.program-podezelja.si<\/a><\/p><p>\u00a0<\/p><p>Skupna vrednost projekta:<strong> 180.256,45 EUR<\/strong><\/p>\t\t\t\t\t\t\t\t<\/div>\n\t\t\t\t<\/div>\n\t\t\t\t\t<\/div>\n\t\t<\/div>\n\t\t\t\t\t<\/div>\n\t\t<\/section>\n\t\t\t\t\t<\/div>\n\t\t<\/div>\n\t\t\t\t\t<\/div>\n\t\t<\/section>\n\t\t\t\t<\/div>","protected":false},"excerpt":{"rendered":"<p>RIDE Gori\u010dko &#8211; Razvoj kolesarstva na Gori\u010dkem Namen projekta je&hellip;<\/p>\n<p> <a class=\"more-link\" href=\"https:\/\/ridegoricko.com\/en\/razvoj-kolesarstva-na-gorickem\/\">Read more<\/a><\/p>","protected":false},"author":1,"featured_media":0,"parent":0,"menu_order":0,"comment_status":"closed","ping_status":"closed","template":"elementor_header_footer","meta":{"footnotes":""},"class_list":["post-14936","page","type-page","status-publish"],"_links":{"self":[{"href":"https:\/\/ridegoricko.com\/en\/wp-json\/wp\/v2\/pages\/14936","targetHints":{"allow":["GET"]}}],"collection":[{"href":"https:\/\/ridegoricko.com\/en\/wp-json\/wp\/v2\/pages"}],"about":[{"href":"https:\/\/ridegoricko.com\/en\/wp-json\/wp\/v2\/types\/page"}],"author":[{"embeddable":true,"href":"https:\/\/ridegoricko.com\/en\/wp-json\/wp\/v2\/users\/1"}],"replies":[{"embeddable":true,"href":"https:\/\/ridegoricko.com\/en\/wp-json\/wp\/v2\/comments?post=14936"}],"version-history":[{"count":19,"href":"https:\/\/ridegoricko.com\/en\/wp-json\/wp\/v2\/pages\/14936\/revisions"}],"predecessor-version":[{"id":14960,"href":"https:\/\/ridegoricko.com\/en\/wp-json\/wp\/v2\/pages\/14936\/revisions\/14960"}],"wp:attachment":[{"href":"https:\/\/ridegoricko.com\/en\/wp-json\/wp\/v2\/media?parent=14936"}],"curies":[{"name":"wp","href":"https:\/\/api.w.org\/{rel}","templated":true}]}}